{"id":215,"date":"2020-04-13T11:18:50","date_gmt":"2020-04-13T11:18:50","guid":{"rendered":"https:\/\/gpsvibracional.com.ar\/?page_id=215"},"modified":"2023-07-05T22:16:19","modified_gmt":"2023-07-06T01:16:19","slug":"services","status":"publish","type":"page","link":"https:\/\/gpsvibracional.com.ar\/?page_id=215","title":{"rendered":"Servicios"},"content":{"rendered":"\t\t<div data-elementor-type=\"wp-page\" data-elementor-id=\"215\" class=\"elementor elementor-215\">\n\t\t\t\t\t\t<section class=\"elementor-section elementor-top-section elementor-element elementor-element-1b0a5d33 elementor-section-boxed elementor-section-height-default elementor-section-height-default\" data-id=\"1b0a5d33\" data-element_type=\"section\" data-settings=\"{&quot;background_background&quot;:&quot;classic&quot;}\">\n\t\t\t\t\t\t\t<div class=\"elementor-background-overlay\"><\/div>\n\t\t\t\t\t\t\t<div class=\"elementor-container elementor-column-gap-default\">\n\t\t\t\t\t<div class=\"elementor-column elementor-col-100 elementor-top-column elementor-element elementor-element-1f841ba\" data-id=\"1f841ba\" data-element_type=\"column\">\n\t\t\t<div class=\"elementor-widget-wrap elementor-element-populated\">\n\t\t\t\t\t\t<div class=\"elementor-element elementor-element-365ba0bd elementor-widget elementor-widget-heading\" data-id=\"365ba0bd\" data-element_type=\"widget\" data-widget_type=\"heading.default\">\n\t\t\t\t<div class=\"elementor-widget-container\">\n\t\t\t\t\t<h1 class=\"elementor-heading-title elementor-size-default\">Servicios<\/h1>\t\t\t\t<\/div>\n\t\t\t\t<\/div>\n\t\t\t\t\t<\/div>\n\t\t<\/div>\n\t\t\t\t\t<\/div>\n\t\t<\/section>\n\t\t\t\t<section class=\"elementor-section elementor-top-section elementor-element elementor-element-4d2c9e9 elementor-reverse-mobile elementor-section-boxed elementor-section-height-default elementor-section-height-default elementor-invisible\" data-id=\"4d2c9e9\" data-element_type=\"section\" data-settings=\"{&quot;animation&quot;:&quot;fadeInUp&quot;}\">\n\t\t\t\t\t\t<div class=\"elementor-container elementor-column-gap-no\">\n\t\t\t\t\t<div class=\"elementor-column elementor-col-50 elementor-top-column elementor-element elementor-element-1148300\" data-id=\"1148300\" data-element_type=\"column\">\n\t\t\t<div class=\"elementor-widget-wrap elementor-element-populated\">\n\t\t\t\t\t\t<div class=\"elementor-element elementor-element-f142ca0 elementor-widget elementor-widget-image-box\" data-id=\"f142ca0\" data-element_type=\"widget\" data-widget_type=\"image-box.default\">\n\t\t\t\t<div class=\"elementor-widget-container\">\n\t\t\t\t\t<div class=\"elementor-image-box-wrapper\"><div class=\"elementor-image-box-content\"><h2 class=\"elementor-image-box-title\">Reiki - 45 minutos<\/h2><p class=\"elementor-image-box-description\">El Reiki es una t\u00e9cnica de sanaci\u00f3n energ\u00e9tica que utiliza la imposici\u00f3n de manos para canalizar la energ\u00eda universal y promover la armon\u00eda y el equilibrio en el cuerpo, la mente y el esp\u00edritu. Durante una sesi\u00f3n de Reiki, el practicante transmite esta energ\u00eda curativa al receptor, ayudando a liberar bloqueos energ\u00e9ticos, reducir el estr\u00e9s y promover la relajaci\u00f3n profunda. El Reiki puede ser beneficioso para aliviar dolencias f\u00edsicas, calmar la mente, mejorar el bienestar emocional y apoyar el crecimiento espiritual. Es una terapia no invasiva y se puede realizar tanto de forma presencial como a distancia. Cada sesi\u00f3n de Reiki es \u00fanica y personalizada, adapt\u00e1ndose a las necesidades individuales de cada persona para promover la sanaci\u00f3n y el bienestar integral.<\/p><\/div><\/div>\t\t\t\t<\/div>\n\t\t\t\t<\/div>\n\t\t\t\t<div class=\"elementor-element elementor-element-7334a220 elementor-widget elementor-widget-button\" data-id=\"7334a220\" data-element_type=\"widget\" data-widget_type=\"button.default\">\n\t\t\t\t<div class=\"elementor-widget-container\">\n\t\t\t\t\t\t\t\t\t<div class=\"elementor-button-wrapper\">\n\t\t\t\t\t<a class=\"elementor-button elementor-button-link elementor-size-sm\" href=\"https:\/\/gpsvibracional.com.ar\/?page_id=216\">\n\t\t\t\t\t\t<span class=\"elementor-button-content-wrapper\">\n\t\t\t\t\t\t\t\t\t<span class=\"elementor-button-text\">Contacto<\/span>\n\t\t\t\t\t<\/span>\n\t\t\t\t\t<\/a>\n\t\t\t\t<\/div>\n\t\t\t\t\t\t\t\t<\/div>\n\t\t\t\t<\/div>\n\t\t\t\t\t<\/div>\n\t\t<\/div>\n\t\t\t\t<div class=\"elementor-column elementor-col-50 elementor-top-column elementor-element elementor-element-7285665\" data-id=\"7285665\" data-element_type=\"column\">\n\t\t\t<div class=\"elementor-widget-wrap elementor-element-populated\">\n\t\t\t\t\t\t<div class=\"elementor-element elementor-element-508aa5f0 elementor-widget elementor-widget-image\" data-id=\"508aa5f0\" data-element_type=\"widget\" data-widget_type=\"image.default\">\n\t\t\t\t<div class=\"elementor-widget-container\">\n\t\t\t\t\t\t\t\t\t\t\t\t\t\t\t<img fetchpriority=\"high\" decoding=\"async\" width=\"1024\" height=\"682\" src=\"https:\/\/gpsvibracional.com.ar\/wp-content\/uploads\/2023\/06\/wellness-massage-woman-285590-1024x682.jpg\" class=\"attachment-large size-large wp-image-443\" alt=\"wellness, massage, woman-285590.jpg\" srcset=\"https:\/\/gpsvibracional.com.ar\/wp-content\/uploads\/2023\/06\/wellness-massage-woman-285590-1024x682.jpg 1024w, https:\/\/gpsvibracional.com.ar\/wp-content\/uploads\/2023\/06\/wellness-massage-woman-285590-300x200.jpg 300w, https:\/\/gpsvibracional.com.ar\/wp-content\/uploads\/2023\/06\/wellness-massage-woman-285590-768x512.jpg 768w, https:\/\/gpsvibracional.com.ar\/wp-content\/uploads\/2023\/06\/wellness-massage-woman-285590.jpg 1280w\" sizes=\"(max-width: 1024px) 100vw, 1024px\" \/>\t\t\t\t\t\t\t\t\t\t\t\t\t\t\t<\/div>\n\t\t\t\t<\/div>\n\t\t\t\t\t<\/div>\n\t\t<\/div>\n\t\t\t\t\t<\/div>\n\t\t<\/section>\n\t\t\t\t<section class=\"elementor-section elementor-top-section elementor-element elementor-element-9e09982 elementor-section-boxed elementor-section-height-default elementor-section-height-default elementor-invisible\" data-id=\"9e09982\" data-element_type=\"section\" data-settings=\"{&quot;animation&quot;:&quot;fadeInUp&quot;}\">\n\t\t\t\t\t\t<div class=\"elementor-container elementor-column-gap-no\">\n\t\t\t\t\t<div class=\"elementor-column elementor-col-50 elementor-top-column elementor-element elementor-element-4b9de95\" data-id=\"4b9de95\" data-element_type=\"column\">\n\t\t\t<div class=\"elementor-widget-wrap elementor-element-populated\">\n\t\t\t\t\t\t<div class=\"elementor-element elementor-element-1fab74e0 elementor-widget elementor-widget-image\" data-id=\"1fab74e0\" data-element_type=\"widget\" data-widget_type=\"image.default\">\n\t\t\t\t<div class=\"elementor-widget-container\">\n\t\t\t\t\t\t\t\t\t\t\t\t\t\t\t<img decoding=\"async\" width=\"1024\" height=\"682\" src=\"https:\/\/gpsvibracional.com.ar\/wp-content\/uploads\/2023\/06\/physical-therapy-foot-massage-massage-2133286-1024x682.jpg\" class=\"attachment-large size-large wp-image-444\" alt=\"physical therapy, foot massage, massage-2133286.jpg\" srcset=\"https:\/\/gpsvibracional.com.ar\/wp-content\/uploads\/2023\/06\/physical-therapy-foot-massage-massage-2133286-1024x682.jpg 1024w, https:\/\/gpsvibracional.com.ar\/wp-content\/uploads\/2023\/06\/physical-therapy-foot-massage-massage-2133286-300x200.jpg 300w, https:\/\/gpsvibracional.com.ar\/wp-content\/uploads\/2023\/06\/physical-therapy-foot-massage-massage-2133286-768x512.jpg 768w, https:\/\/gpsvibracional.com.ar\/wp-content\/uploads\/2023\/06\/physical-therapy-foot-massage-massage-2133286.jpg 1280w\" sizes=\"(max-width: 1024px) 100vw, 1024px\" \/>\t\t\t\t\t\t\t\t\t\t\t\t\t\t\t<\/div>\n\t\t\t\t<\/div>\n\t\t\t\t\t<\/div>\n\t\t<\/div>\n\t\t\t\t<div class=\"elementor-column elementor-col-50 elementor-top-column elementor-element elementor-element-ddc17dc\" data-id=\"ddc17dc\" data-element_type=\"column\">\n\t\t\t<div class=\"elementor-widget-wrap elementor-element-populated\">\n\t\t\t\t\t\t<div class=\"elementor-element elementor-element-5fd89a9 elementor-widget elementor-widget-image-box\" data-id=\"5fd89a9\" data-element_type=\"widget\" data-widget_type=\"image-box.default\">\n\t\t\t\t<div class=\"elementor-widget-container\">\n\t\t\t\t\t<div class=\"elementor-image-box-wrapper\"><div class=\"elementor-image-box-content\"><h2 class=\"elementor-image-box-title\">Reflexologia - 45 minutos<\/h2><p class=\"elementor-image-box-description\">La reflexolog\u00eda es una terapia hol\u00edstica que se basa en la estimulaci\u00f3n de puntos reflejos en los pies y manos para promover la salud y el equilibrio en todo el cuerpo. Durante una sesi\u00f3n de reflexolog\u00eda, el terapeuta aplica presi\u00f3n en \u00e1reas espec\u00edficas que corresponden a diferentes \u00f3rganos, gl\u00e1ndulas y sistemas del cuerpo. Esta presi\u00f3n estimula la circulaci\u00f3n sangu\u00ednea, libera tensiones, promueve la relajaci\u00f3n profunda y ayuda al cuerpo a restaurar su equilibrio natural. La reflexolog\u00eda puede aliviar el estr\u00e9s, reducir dolores y molestias, mejorar la calidad del sue\u00f1o, fortalecer el sistema inmunol\u00f3gico y promover una sensaci\u00f3n general de bienestar. Cada sesi\u00f3n de reflexolog\u00eda se adapta a las necesidades individuales del cliente, ofreciendo un enfoque personalizado para la sanaci\u00f3n y el bienestar.<\/p><\/div><\/div>\t\t\t\t<\/div>\n\t\t\t\t<\/div>\n\t\t\t\t<div class=\"elementor-element elementor-element-d6d9527 elementor-widget elementor-widget-button\" data-id=\"d6d9527\" data-element_type=\"widget\" data-widget_type=\"button.default\">\n\t\t\t\t<div class=\"elementor-widget-container\">\n\t\t\t\t\t\t\t\t\t<div class=\"elementor-button-wrapper\">\n\t\t\t\t\t<a class=\"elementor-button elementor-button-link elementor-size-sm\" href=\"https:\/\/gpsvibracional.com.ar\/?page_id=216\">\n\t\t\t\t\t\t<span class=\"elementor-button-content-wrapper\">\n\t\t\t\t\t\t\t\t\t<span class=\"elementor-button-text\">Contacto<\/span>\n\t\t\t\t\t<\/span>\n\t\t\t\t\t<\/a>\n\t\t\t\t<\/div>\n\t\t\t\t\t\t\t\t<\/div>\n\t\t\t\t<\/div>\n\t\t\t\t\t<\/div>\n\t\t<\/div>\n\t\t\t\t\t<\/div>\n\t\t<\/section>\n\t\t\t\t<section class=\"elementor-section elementor-top-section elementor-element elementor-element-6027d0f elementor-reverse-mobile elementor-section-boxed elementor-section-height-default elementor-section-height-default elementor-invisible\" data-id=\"6027d0f\" data-element_type=\"section\" data-settings=\"{&quot;animation&quot;:&quot;fadeInUp&quot;}\">\n\t\t\t\t\t\t<div class=\"elementor-container elementor-column-gap-no\">\n\t\t\t\t\t<div class=\"elementor-column elementor-col-50 elementor-top-column elementor-element elementor-element-355c572\" data-id=\"355c572\" data-element_type=\"column\">\n\t\t\t<div class=\"elementor-widget-wrap elementor-element-populated\">\n\t\t\t\t\t\t<div class=\"elementor-element elementor-element-feeaa45 elementor-widget elementor-widget-image-box\" data-id=\"feeaa45\" data-element_type=\"widget\" data-widget_type=\"image-box.default\">\n\t\t\t\t<div class=\"elementor-widget-container\">\n\t\t\t\t\t<div class=\"elementor-image-box-wrapper\"><div class=\"elementor-image-box-content\"><h2 class=\"elementor-image-box-title\">Masajes - 1 Hora<\/h2><p class=\"elementor-image-box-description\">Los masajes son una terapia manual que utiliza t\u00e9cnicas de manipulaci\u00f3n y presi\u00f3n en los tejidos del cuerpo para promover la relajaci\u00f3n, aliviar la tensi\u00f3n muscular y mejorar el bienestar general. Durante una sesi\u00f3n de masajes, un terapeuta capacitado aplica movimientos espec\u00edficos, como amasamiento, fricci\u00f3n y estiramiento, para liberar la tensi\u00f3n acumulada en los m\u00fasculos, mejorar la circulaci\u00f3n sangu\u00ednea y aliviar el estr\u00e9s. Los masajes pueden ayudar a reducir el dolor, mejorar la flexibilidad, aliviar los nudos musculares y promover la relajaci\u00f3n profunda. Hay una variedad de t\u00e9cnicas de masajes disponibles<br>- relax\n- descontracturante\n- tejido profundo\n- deportivo\n- sensitivo\n- con esferas chinas\n- aromaterapia\n- combinado.<br> cada una con sus propios beneficios terap\u00e9uticos. Cada sesi\u00f3n de masajes se adapta a las necesidades individuales del cliente, brindando un tratamiento personalizado para lograr el m\u00e1ximo alivio y bienestar.<\/p><\/div><\/div>\t\t\t\t<\/div>\n\t\t\t\t<\/div>\n\t\t\t\t<div class=\"elementor-element elementor-element-882c271 elementor-widget elementor-widget-button\" data-id=\"882c271\" data-element_type=\"widget\" data-widget_type=\"button.default\">\n\t\t\t\t<div class=\"elementor-widget-container\">\n\t\t\t\t\t\t\t\t\t<div class=\"elementor-button-wrapper\">\n\t\t\t\t\t<a class=\"elementor-button elementor-button-link elementor-size-sm\" href=\"https:\/\/gpsvibracional.com.ar\/?page_id=216\">\n\t\t\t\t\t\t<span class=\"elementor-button-content-wrapper\">\n\t\t\t\t\t\t\t\t\t<span class=\"elementor-button-text\">Contacto<\/span>\n\t\t\t\t\t<\/span>\n\t\t\t\t\t<\/a>\n\t\t\t\t<\/div>\n\t\t\t\t\t\t\t\t<\/div>\n\t\t\t\t<\/div>\n\t\t\t\t\t<\/div>\n\t\t<\/div>\n\t\t\t\t<div class=\"elementor-column elementor-col-50 elementor-top-column elementor-element elementor-element-623a32c\" data-id=\"623a32c\" data-element_type=\"column\">\n\t\t\t<div class=\"elementor-widget-wrap elementor-element-populated\">\n\t\t\t\t\t\t<div class=\"elementor-element elementor-element-628e670 elementor-widget elementor-widget-image\" data-id=\"628e670\" data-element_type=\"widget\" data-widget_type=\"image.default\">\n\t\t\t\t<div class=\"elementor-widget-container\">\n\t\t\t\t\t\t\t\t\t\t\t\t\t\t\t<img decoding=\"async\" width=\"1024\" height=\"598\" src=\"https:\/\/gpsvibracional.com.ar\/wp-content\/uploads\/2023\/06\/road-forest-fall-1072823-1024x598.jpg\" class=\"attachment-large size-large wp-image-403\" alt=\"road, forest, fall-1072823.jpg\" srcset=\"https:\/\/gpsvibracional.com.ar\/wp-content\/uploads\/2023\/06\/road-forest-fall-1072823-1024x598.jpg 1024w, https:\/\/gpsvibracional.com.ar\/wp-content\/uploads\/2023\/06\/road-forest-fall-1072823-300x175.jpg 300w, https:\/\/gpsvibracional.com.ar\/wp-content\/uploads\/2023\/06\/road-forest-fall-1072823-768x449.jpg 768w, https:\/\/gpsvibracional.com.ar\/wp-content\/uploads\/2023\/06\/road-forest-fall-1072823.jpg 1280w\" sizes=\"(max-width: 1024px) 100vw, 1024px\" \/>\t\t\t\t\t\t\t\t\t\t\t\t\t\t\t<\/div>\n\t\t\t\t<\/div>\n\t\t\t\t\t<\/div>\n\t\t<\/div>\n\t\t\t\t\t<\/div>\n\t\t<\/section>\n\t\t\t\t<\/div>\n\t\t","protected":false},"excerpt":{"rendered":"<p>Servicios Reiki &#8211; 45 minutos El Reiki es una t\u00e9cnica de sanaci\u00f3n energ\u00e9tica que utiliza la imposici\u00f3n de manos para canalizar la energ\u00eda universal y promover la armon\u00eda y el equilibrio en el cuerpo, la mente y el esp\u00edritu. Durante una sesi\u00f3n de Reiki, el practicante transmite esta energ\u00eda curativa al receptor, ayudando a liberar &hellip;<\/p>\n<p class=\"read-more\"> <a class=\"\" href=\"https:\/\/gpsvibracional.com.ar\/?page_id=215\"> <span class=\"screen-reader-text\">Servicios<\/span> Read More &raquo;<\/a><\/p>\n","protected":false},"author":1,"featured_media":0,"parent":0,"menu_order":0,"comment_status":"closed","ping_status":"closed","template":"","meta":{"site-sidebar-layout":"no-sidebar","site-content-layout":"page-builder","ast-global-header-display":"","ast-banner-title-visibility":"","ast-main-header-display":"","ast-hfb-above-header-display":"","ast-hfb-below-header-display":"","ast-hfb-mobile-header-display":"","site-post-title":"disabled","ast-breadcrumbs-content":"","ast-featured-img":"","footer-sml-layout":"","theme-transparent-header-meta":"enabled","adv-header-id-meta":"","stick-header-meta":"","header-above-stick-meta":"","header-main-stick-meta":"","header-below-stick-meta":"","footnotes":""},"class_list":["post-215","page","type-page","status-publish","hentry"],"_links":{"self":[{"href":"https:\/\/gpsvibracional.com.ar\/index.php?rest_route=\/wp\/v2\/pages\/215","targetHints":{"allow":["GET"]}}],"collection":[{"href":"https:\/\/gpsvibracional.com.ar\/index.php?rest_route=\/wp\/v2\/pages"}],"about":[{"href":"https:\/\/gpsvibracional.com.ar\/index.php?rest_route=\/wp\/v2\/types\/page"}],"author":[{"embeddable":true,"href":"https:\/\/gpsvibracional.com.ar\/index.php?rest_route=\/wp\/v2\/users\/1"}],"replies":[{"embeddable":true,"href":"https:\/\/gpsvibracional.com.ar\/index.php?rest_route=%2Fwp%2Fv2%2Fcomments&post=215"}],"version-history":[{"count":23,"href":"https:\/\/gpsvibracional.com.ar\/index.php?rest_route=\/wp\/v2\/pages\/215\/revisions"}],"predecessor-version":[{"id":464,"href":"https:\/\/gpsvibracional.com.ar\/index.php?rest_route=\/wp\/v2\/pages\/215\/revisions\/464"}],"wp:attachment":[{"href":"https:\/\/gpsvibracional.com.ar\/index.php?rest_route=%2Fwp%2Fv2%2Fmedia&parent=215"}],"curies":[{"name":"wp","href":"https:\/\/api.w.org\/{rel}","templated":true}]}}