{"id":214,"date":"2020-04-13T11:18:52","date_gmt":"2020-04-13T11:18:52","guid":{"rendered":"https:\/\/gpsvibracional.com.ar\/?page_id=214"},"modified":"2023-06-09T03:46:04","modified_gmt":"2023-06-09T06:46:04","slug":"about","status":"publish","type":"page","link":"https:\/\/gpsvibracional.com.ar\/?page_id=214","title":{"rendered":"Sobre Mi"},"content":{"rendered":"\t\t<div data-elementor-type=\"wp-page\" data-elementor-id=\"214\" class=\"elementor elementor-214\">\n\t\t\t\t\t\t<section class=\"elementor-section elementor-top-section elementor-element elementor-element-5131a13e elementor-section-boxed elementor-section-height-default elementor-section-height-default\" data-id=\"5131a13e\" data-element_type=\"section\" data-settings=\"{&quot;background_background&quot;:&quot;classic&quot;}\">\n\t\t\t\t\t\t\t<div class=\"elementor-background-overlay\"><\/div>\n\t\t\t\t\t\t\t<div class=\"elementor-container elementor-column-gap-default\">\n\t\t\t\t\t<div class=\"elementor-column elementor-col-100 elementor-top-column elementor-element elementor-element-1053ca7a\" data-id=\"1053ca7a\" data-element_type=\"column\">\n\t\t\t<div class=\"elementor-widget-wrap elementor-element-populated\">\n\t\t\t\t\t\t<div class=\"elementor-element elementor-element-3d99e122 elementor-widget elementor-widget-heading\" data-id=\"3d99e122\" data-element_type=\"widget\" data-widget_type=\"heading.default\">\n\t\t\t\t<div class=\"elementor-widget-container\">\n\t\t\t\t\t<h1 class=\"elementor-heading-title elementor-size-default\">Sobre Mi<\/h1>\t\t\t\t<\/div>\n\t\t\t\t<\/div>\n\t\t\t\t\t<\/div>\n\t\t<\/div>\n\t\t\t\t\t<\/div>\n\t\t<\/section>\n\t\t\t\t<section class=\"elementor-section elementor-top-section elementor-element elementor-element-996878a elementor-section-boxed elementor-section-height-default elementor-section-height-default\" data-id=\"996878a\" data-element_type=\"section\">\n\t\t\t\t\t\t<div class=\"elementor-container elementor-column-gap-default\">\n\t\t\t\t\t<div class=\"elementor-column elementor-col-50 elementor-top-column elementor-element elementor-element-9bd9ec6\" data-id=\"9bd9ec6\" data-element_type=\"column\">\n\t\t\t<div class=\"elementor-widget-wrap elementor-element-populated\">\n\t\t\t\t\t\t<div class=\"elementor-element elementor-element-73295ce elementor-widget elementor-widget-image\" data-id=\"73295ce\" data-element_type=\"widget\" data-widget_type=\"image.default\">\n\t\t\t\t<div class=\"elementor-widget-container\">\n\t\t\t\t\t\t\t\t\t\t\t\t\t\t\t<img fetchpriority=\"high\" decoding=\"async\" width=\"768\" height=\"1024\" src=\"https:\/\/gpsvibracional.com.ar\/wp-content\/uploads\/2023\/06\/stone-tower-balance-meditation-4519290-768x1024.jpg\" class=\"attachment-large size-large wp-image-395\" alt=\"stone tower, balance, meditation-4519290.jpg\" srcset=\"https:\/\/gpsvibracional.com.ar\/wp-content\/uploads\/2023\/06\/stone-tower-balance-meditation-4519290-768x1024.jpg 768w, https:\/\/gpsvibracional.com.ar\/wp-content\/uploads\/2023\/06\/stone-tower-balance-meditation-4519290-225x300.jpg 225w, https:\/\/gpsvibracional.com.ar\/wp-content\/uploads\/2023\/06\/stone-tower-balance-meditation-4519290.jpg 960w\" sizes=\"(max-width: 768px) 100vw, 768px\" \/>\t\t\t\t\t\t\t\t\t\t\t\t\t\t\t<\/div>\n\t\t\t\t<\/div>\n\t\t\t\t\t<\/div>\n\t\t<\/div>\n\t\t\t\t<div class=\"elementor-column elementor-col-50 elementor-top-column elementor-element elementor-element-8e07db5\" data-id=\"8e07db5\" data-element_type=\"column\">\n\t\t\t<div class=\"elementor-widget-wrap elementor-element-populated\">\n\t\t\t\t\t\t<div class=\"elementor-element elementor-element-edc075b elementor-widget elementor-widget-text-editor\" data-id=\"edc075b\" data-element_type=\"widget\" data-widget_type=\"text-editor.default\">\n\t\t\t\t<div class=\"elementor-widget-container\">\n\t\t\t\t\t\t\t\t\t<p>Soy un terapeuta dedicado a brindar terapias de Reiki y masajes con el objetivo de promover el bienestar f\u00edsico, emocional y espiritual de mis clientes. Me comprometo a proporcionar un ambiente acogedor y seguro donde puedas experimentar la sanaci\u00f3n y la relajaci\u00f3n profunda.<\/p>\n<p>Con a\u00f1os de experiencia en el campo de la terapia hol\u00edstica, he desarrollado un enfoque integral que combina t\u00e9cnicas tradicionales y modernas para brindarte una experiencia \u00fanica y personalizada. Ya sea que necesites aliviar el estr\u00e9s, aliviar dolores y tensiones musculares, equilibrar tus energ\u00edas o encontrar un momento de paz interior, estoy aqu\u00ed para apoyarte en tu viaje hacia el bienestar.<\/p>\n<p>En mis sesiones de Reiki, canalizo y transmito energ\u00eda universal para restaurar el equilibrio y promover la sanaci\u00f3n a nivel f\u00edsico, mental y emocional. Utilizo t\u00e9cnicas suaves de imposici\u00f3n de manos para liberar bloqueos energ\u00e9ticos, estimular el flujo vital y fomentar la armon\u00eda en tu cuerpo y mente.<\/p>\n<p>Mis masajes terap\u00e9uticos est\u00e1n dise\u00f1ados para adaptarse a tus necesidades espec\u00edficas. Ya sea que busques un masaje relajante para aliviar el estr\u00e9s acumulado o un masaje de tejido profundo para liberar la tensi\u00f3n muscular, utilizo una combinaci\u00f3n de t\u00e9cnicas y movimientos precisos para ayudarte a sentirte renovado y revitalizado.<\/p>\n<p>Me enorgullece ofrecer un enfoque compasivo y personalizado para cada cliente, brindando atenci\u00f3n individualizada y escuchando atentamente tus necesidades y objetivos. Creo en la importancia de tratar a cada persona de manera integral, reconociendo la conexi\u00f3n entre el cuerpo, la mente y el esp\u00edritu.<\/p>\t\t\t\t\t\t\t\t<\/div>\n\t\t\t\t<\/div>\n\t\t\t\t\t<\/div>\n\t\t<\/div>\n\t\t\t\t\t<\/div>\n\t\t<\/section>\n\t\t\t\t<\/div>\n\t\t","protected":false},"excerpt":{"rendered":"<p>Sobre Mi Soy un terapeuta dedicado a brindar terapias de Reiki y masajes con el objetivo de promover el bienestar f\u00edsico, emocional y espiritual de mis clientes. Me comprometo a proporcionar un ambiente acogedor y seguro donde puedas experimentar la sanaci\u00f3n y la relajaci\u00f3n profunda. Con a\u00f1os de experiencia en el campo de la terapia &hellip;<\/p>\n<p class=\"read-more\"> <a class=\"\" href=\"https:\/\/gpsvibracional.com.ar\/?page_id=214\"> <span class=\"screen-reader-text\">Sobre Mi<\/span> Read More &raquo;<\/a><\/p>\n","protected":false},"author":1,"featured_media":0,"parent":0,"menu_order":0,"comment_status":"closed","ping_status":"closed","template":"","meta":{"site-sidebar-layout":"no-sidebar","site-content-layout":"page-builder","ast-global-header-display":"","ast-banner-title-visibility":"","ast-main-header-display":"","ast-hfb-above-header-display":"","ast-hfb-below-header-display":"","ast-hfb-mobile-header-display":"","site-post-title":"disabled","ast-breadcrumbs-content":"","ast-featured-img":"","footer-sml-layout":"","theme-transparent-header-meta":"enabled","adv-header-id-meta":"","stick-header-meta":"","header-above-stick-meta":"","header-main-stick-meta":"","header-below-stick-meta":"","footnotes":""},"class_list":["post-214","page","type-page","status-publish","hentry"],"_links":{"self":[{"href":"https:\/\/gpsvibracional.com.ar\/index.php?rest_route=\/wp\/v2\/pages\/214","targetHints":{"allow":["GET"]}}],"collection":[{"href":"https:\/\/gpsvibracional.com.ar\/index.php?rest_route=\/wp\/v2\/pages"}],"about":[{"href":"https:\/\/gpsvibracional.com.ar\/index.php?rest_route=\/wp\/v2\/types\/page"}],"author":[{"embeddable":true,"href":"https:\/\/gpsvibracional.com.ar\/index.php?rest_route=\/wp\/v2\/users\/1"}],"replies":[{"embeddable":true,"href":"https:\/\/gpsvibracional.com.ar\/index.php?rest_route=%2Fwp%2Fv2%2Fcomments&post=214"}],"version-history":[{"count":21,"href":"https:\/\/gpsvibracional.com.ar\/index.php?rest_route=\/wp\/v2\/pages\/214\/revisions"}],"predecessor-version":[{"id":450,"href":"https:\/\/gpsvibracional.com.ar\/index.php?rest_route=\/wp\/v2\/pages\/214\/revisions\/450"}],"wp:attachment":[{"href":"https:\/\/gpsvibracional.com.ar\/index.php?rest_route=%2Fwp%2Fv2%2Fmedia&parent=214"}],"curies":[{"name":"wp","href":"https:\/\/api.w.org\/{rel}","templated":true}]}}