{"id":213,"date":"2020-04-13T11:18:54","date_gmt":"2020-04-13T11:18:54","guid":{"rendered":"https:\/\/gpsvibracional.com.ar\/?page_id=213"},"modified":"2023-07-05T22:15:05","modified_gmt":"2023-07-06T01:15:05","slug":"home","status":"publish","type":"page","link":"https:\/\/gpsvibracional.com.ar\/","title":{"rendered":"Inicio"},"content":{"rendered":"\t\t<div data-elementor-type=\"wp-page\" data-elementor-id=\"213\" class=\"elementor elementor-213\">\n\t\t\t\t\t\t<section class=\"elementor-section elementor-top-section elementor-element elementor-element-5939a86c elementor-section-height-min-height elementor-section-boxed elementor-section-height-default elementor-section-items-middle\" data-id=\"5939a86c\" data-element_type=\"section\" data-settings=\"{&quot;background_background&quot;:&quot;classic&quot;}\">\n\t\t\t\t\t\t\t<div class=\"elementor-background-overlay\"><\/div>\n\t\t\t\t\t\t\t<div class=\"elementor-container elementor-column-gap-no\">\n\t\t\t\t\t<div class=\"elementor-column elementor-col-100 elementor-top-column elementor-element elementor-element-6f6a47a9\" data-id=\"6f6a47a9\" data-element_type=\"column\">\n\t\t\t<div class=\"elementor-widget-wrap elementor-element-populated\">\n\t\t\t\t\t\t<div class=\"elementor-element elementor-element-da98eec elementor-widget elementor-widget-image-box\" data-id=\"da98eec\" data-element_type=\"widget\" data-widget_type=\"image-box.default\">\n\t\t\t\t<div class=\"elementor-widget-container\">\n\t\t\t\t\t<div class=\"elementor-image-box-wrapper\"><div class=\"elementor-image-box-content\"><h1 class=\"elementor-image-box-title\">Sanacion Vibracional<\/h1><\/div><\/div>\t\t\t\t<\/div>\n\t\t\t\t<\/div>\n\t\t\t\t<div class=\"elementor-element elementor-element-31fcced2 elementor-align-center elementor-mobile-align-center elementor-widget elementor-widget-button\" data-id=\"31fcced2\" data-element_type=\"widget\" data-widget_type=\"button.default\">\n\t\t\t\t<div class=\"elementor-widget-container\">\n\t\t\t\t\t\t\t\t\t<div class=\"elementor-button-wrapper\">\n\t\t\t\t\t<a class=\"elementor-button elementor-button-link elementor-size-lg\" href=\"https:\/\/gpsvibracional.com.ar\/?page_id=215\">\n\t\t\t\t\t\t<span class=\"elementor-button-content-wrapper\">\n\t\t\t\t\t\t\t\t\t<span class=\"elementor-button-text\">servicios<\/span>\n\t\t\t\t\t<\/span>\n\t\t\t\t\t<\/a>\n\t\t\t\t<\/div>\n\t\t\t\t\t\t\t\t<\/div>\n\t\t\t\t<\/div>\n\t\t\t\t<section class=\"elementor-section elementor-inner-section elementor-element elementor-element-143e9c37 elementor-section-boxed elementor-section-height-default elementor-section-height-default\" data-id=\"143e9c37\" data-element_type=\"section\">\n\t\t\t\t\t\t<div class=\"elementor-container elementor-column-gap-no\">\n\t\t\t\t\t<div class=\"elementor-column elementor-col-50 elementor-inner-column elementor-element elementor-element-5acde085\" data-id=\"5acde085\" data-element_type=\"column\">\n\t\t\t<div class=\"elementor-widget-wrap\">\n\t\t\t\t\t\t\t<\/div>\n\t\t<\/div>\n\t\t\t\t<div class=\"elementor-column elementor-col-50 elementor-inner-column elementor-element elementor-element-6e649c\" data-id=\"6e649c\" data-element_type=\"column\">\n\t\t\t<div class=\"elementor-widget-wrap\">\n\t\t\t\t\t\t\t<\/div>\n\t\t<\/div>\n\t\t\t\t\t<\/div>\n\t\t<\/section>\n\t\t\t\t\t<\/div>\n\t\t<\/div>\n\t\t\t\t\t<\/div>\n\t\t<\/section>\n\t\t\t\t<section class=\"elementor-section elementor-top-section elementor-element elementor-element-7e21b87 elementor-section-boxed elementor-section-height-default elementor-section-height-default elementor-invisible\" data-id=\"7e21b87\" data-element_type=\"section\" data-settings=\"{&quot;animation&quot;:&quot;fadeInUp&quot;}\">\n\t\t\t\t\t\t<div class=\"elementor-container elementor-column-gap-no\">\n\t\t\t\t\t<div class=\"elementor-column elementor-col-100 elementor-top-column elementor-element elementor-element-b8e1a8a\" data-id=\"b8e1a8a\" data-element_type=\"column\">\n\t\t\t<div class=\"elementor-widget-wrap\">\n\t\t\t\t\t\t\t<\/div>\n\t\t<\/div>\n\t\t\t\t\t<\/div>\n\t\t<\/section>\n\t\t\t\t<section class=\"elementor-section elementor-top-section elementor-element elementor-element-34277c67 elementor-section-boxed elementor-section-height-default elementor-section-height-default elementor-invisible\" data-id=\"34277c67\" data-element_type=\"section\" data-settings=\"{&quot;animation&quot;:&quot;fadeInUp&quot;}\">\n\t\t\t\t\t\t<div class=\"elementor-container elementor-column-gap-no\">\n\t\t\t\t\t<div class=\"elementor-column elementor-col-50 elementor-top-column elementor-element elementor-element-ecf0f71\" data-id=\"ecf0f71\" data-element_type=\"column\" data-settings=\"{&quot;background_background&quot;:&quot;classic&quot;}\">\n\t\t\t<div class=\"elementor-widget-wrap elementor-element-populated\">\n\t\t\t\t\t<div class=\"elementor-background-overlay\"><\/div>\n\t\t\t\t\t\t<div class=\"elementor-element elementor-element-40c051ee elementor-widget elementor-widget-heading\" data-id=\"40c051ee\" data-element_type=\"widget\" data-widget_type=\"heading.default\">\n\t\t\t\t<div class=\"elementor-widget-container\">\n\t\t\t\t\t<h2 class=\"elementor-heading-title elementor-size-default\"><a href=\"\/services\/#service-1\">Armonizacion Energetica<\/a><\/h2>\t\t\t\t<\/div>\n\t\t\t\t<\/div>\n\t\t\t\t\t<\/div>\n\t\t<\/div>\n\t\t\t\t<div class=\"elementor-column elementor-col-50 elementor-top-column elementor-element elementor-element-2d17052\" data-id=\"2d17052\" data-element_type=\"column\">\n\t\t\t<div class=\"elementor-widget-wrap elementor-element-populated\">\n\t\t\t\t\t\t<div class=\"elementor-element elementor-element-79f77c2 elementor-widget elementor-widget-text-editor\" data-id=\"79f77c2\" data-element_type=\"widget\" data-widget_type=\"text-editor.default\">\n\t\t\t\t<div class=\"elementor-widget-container\">\n\t\t\t\t\t\t\t\t\t<p>Experimenta la poderosa sanaci\u00f3n a trav\u00e9s del fuego con nuestro ritual ancestral de limpieza y ceremonia. Guiados por un sanador experto, revivimos pr\u00e1cticas ancestrales para deshacernos de las estructuras que nos limitan y generan obst\u00e1culos en nuestra vida diaria. Mediante la quema de varas secas e inciensos naturales seleccionados cuidadosamente, liberamos cargas emocionales y energ\u00e9ticas, y nos conectamos con nuestras ra\u00edces m\u00e1s profundas. Este ritual trasciende el tiempo y el espacio, abordando aspectos f\u00edsicos, espirituales, emocionales y energ\u00e9ticos. A trav\u00e9s de esta terapia del esp\u00edritu, puedes modificar programaciones del pasado, encontrar la ra\u00edz de los problemas y transformarte a nivel personal. Conectando con recuerdos almacenados en el inconsciente, descubrir\u00e1s la claridad y el enfoque necesarios para tomar decisiones nuevas o m\u00e1s acertadas. Este ritual ancestral implica una canalizaci\u00f3n y conexi\u00f3n con gu\u00edas superiores, movilizando una gran cantidad de energ\u00eda para promover la transformaci\u00f3n y el bienestar. Nuestro terapeuta cuenta con m\u00e1s de 20 a\u00f1os de experiencia en diversas \u00e1reas como masajes, Reiki, aromaterapia y chamanismo, brindando un enfoque integral y profundo en cada sesi\u00f3n de armonizaci\u00f3n. Descubre la f\u00f3rmula ideal para el bienestar: claridad, intuici\u00f3n, energ\u00eda y equilibrio emocional. \u00a1Te invitamos a experimentar este encuentro sagrado de sanaci\u00f3n a trav\u00e9s del fuego y aprovechar los beneficios de una pr\u00e1ctica ancestral con resultados comprobados en el cuidado y reparaci\u00f3n de tu cuerpo visible e invisible.<\/p>\t\t\t\t\t\t\t\t<\/div>\n\t\t\t\t<\/div>\n\t\t\t\t<div class=\"elementor-element elementor-element-ed8b38d elementor-widget elementor-widget-button\" data-id=\"ed8b38d\" data-element_type=\"widget\" data-widget_type=\"button.default\">\n\t\t\t\t<div class=\"elementor-widget-container\">\n\t\t\t\t\t\t\t\t\t<div class=\"elementor-button-wrapper\">\n\t\t\t\t\t<a class=\"elementor-button elementor-button-link elementor-size-sm\" href=\"https:\/\/gpsvibracional.com.ar\/?page_id=214\">\n\t\t\t\t\t\t<span class=\"elementor-button-content-wrapper\">\n\t\t\t\t\t\t\t\t\t<span class=\"elementor-button-text\">mas informacion<\/span>\n\t\t\t\t\t<\/span>\n\t\t\t\t\t<\/a>\n\t\t\t\t<\/div>\n\t\t\t\t\t\t\t\t<\/div>\n\t\t\t\t<\/div>\n\t\t\t\t\t<\/div>\n\t\t<\/div>\n\t\t\t\t\t<\/div>\n\t\t<\/section>\n\t\t\t\t<section class=\"elementor-section elementor-top-section elementor-element elementor-element-4fa11189 elementor-section-boxed elementor-section-height-default elementor-section-height-default elementor-invisible\" data-id=\"4fa11189\" data-element_type=\"section\" data-settings=\"{&quot;background_background&quot;:&quot;classic&quot;,&quot;animation&quot;:&quot;fadeInUp&quot;}\">\n\t\t\t\t\t\t<div class=\"elementor-container elementor-column-gap-no\">\n\t\t\t\t\t<div class=\"elementor-column elementor-col-50 elementor-top-column elementor-element elementor-element-6a0cb495\" data-id=\"6a0cb495\" data-element_type=\"column\">\n\t\t\t<div class=\"elementor-widget-wrap elementor-element-populated\">\n\t\t\t\t\t\t<div class=\"elementor-element elementor-element-18ed08f elementor-widget elementor-widget-text-editor\" data-id=\"18ed08f\" data-element_type=\"widget\" data-widget_type=\"text-editor.default\">\n\t\t\t\t<div class=\"elementor-widget-container\">\n\t\t\t\t\t\t\t\t\t<p>El Reiki es una antigua pr\u00e1ctica de sanaci\u00f3n energ\u00e9tica originaria de Jap\u00f3n. Se basa en la idea de que existe una energ\u00eda vital universal que fluye a trav\u00e9s de todos los seres vivos y que, cuando esta energ\u00eda est\u00e1 equilibrada y armoniosa, promueve la salud y el bienestar en todos los niveles: f\u00edsico, mental, emocional y espiritual.<\/p><p>En una sesi\u00f3n de Reiki, el practicante utiliza sus manos para canalizar esta energ\u00eda y transmitirla al receptor. El proceso implica colocar las manos suavemente en diferentes posiciones sobre el cuerpo del receptor, siguiendo una secuencia espec\u00edfica o intuitiva, con el objetivo de equilibrar y desbloquear el flujo de energ\u00eda en los centros vitales del cuerpo, conocidos como chakras.<\/p><p>Durante una sesi\u00f3n de Reiki, el receptor puede experimentar sensaciones de relajaci\u00f3n profunda, paz interior y una sensaci\u00f3n de calor o cosquilleo en las \u00e1reas donde se colocan las manos del practicante. El Reiki no est\u00e1 asociado a ninguna religi\u00f3n espec\u00edfica y puede ser practicado por cualquier persona, independientemente de sus creencias o antecedentes culturales.<\/p>\t\t\t\t\t\t\t\t<\/div>\n\t\t\t\t<\/div>\n\t\t\t\t\t<\/div>\n\t\t<\/div>\n\t\t\t\t<div class=\"elementor-column elementor-col-50 elementor-top-column elementor-element elementor-element-8ee04f9\" data-id=\"8ee04f9\" data-element_type=\"column\" data-settings=\"{&quot;background_background&quot;:&quot;classic&quot;}\">\n\t\t\t<div class=\"elementor-widget-wrap elementor-element-populated\">\n\t\t\t\t\t<div class=\"elementor-background-overlay\"><\/div>\n\t\t\t\t\t\t<div class=\"elementor-element elementor-element-2cb5ae60 elementor-widget elementor-widget-heading\" data-id=\"2cb5ae60\" data-element_type=\"widget\" data-widget_type=\"heading.default\">\n\t\t\t\t<div class=\"elementor-widget-container\">\n\t\t\t\t\t<h2 class=\"elementor-heading-title elementor-size-default\"><a href=\"\/services\/#service-2\">sesiones y tratamiento reiki<\/a><\/h2>\t\t\t\t<\/div>\n\t\t\t\t<\/div>\n\t\t\t\t\t<\/div>\n\t\t<\/div>\n\t\t\t\t\t<\/div>\n\t\t<\/section>\n\t\t\t\t<section class=\"elementor-section elementor-top-section elementor-element elementor-element-c5e9193 elementor-section-boxed elementor-section-height-default elementor-section-height-default elementor-invisible\" data-id=\"c5e9193\" data-element_type=\"section\" data-settings=\"{&quot;animation&quot;:&quot;fadeInUp&quot;}\">\n\t\t\t\t\t\t<div class=\"elementor-container elementor-column-gap-default\">\n\t\t\t\t\t<div class=\"elementor-column elementor-col-50 elementor-top-column elementor-element elementor-element-aaf2547\" data-id=\"aaf2547\" data-element_type=\"column\" data-settings=\"{&quot;background_background&quot;:&quot;classic&quot;}\">\n\t\t\t<div class=\"elementor-widget-wrap elementor-element-populated\">\n\t\t\t\t\t<div class=\"elementor-background-overlay\"><\/div>\n\t\t\t\t\t\t<div class=\"elementor-element elementor-element-c2e7812 elementor-widget elementor-widget-heading\" data-id=\"c2e7812\" data-element_type=\"widget\" data-widget_type=\"heading.default\">\n\t\t\t\t<div class=\"elementor-widget-container\">\n\t\t\t\t\t<h2 class=\"elementor-heading-title elementor-size-default\"><a href=\"\/services\/#service-3\">Consulta de Oraculo<\/a><\/h2>\t\t\t\t<\/div>\n\t\t\t\t<\/div>\n\t\t\t\t\t<\/div>\n\t\t<\/div>\n\t\t\t\t<div class=\"elementor-column elementor-col-50 elementor-top-column elementor-element elementor-element-53e4410\" data-id=\"53e4410\" data-element_type=\"column\">\n\t\t\t<div class=\"elementor-widget-wrap elementor-element-populated\">\n\t\t\t\t\t\t<div class=\"elementor-element elementor-element-6c6f6f4 elementor-widget elementor-widget-text-editor\" data-id=\"6c6f6f4\" data-element_type=\"widget\" data-widget_type=\"text-editor.default\">\n\t\t\t\t<div class=\"elementor-widget-container\">\n\t\t\t\t\t\t\t\t\t<p>Dale sentido a tus dudas.<\/p><p>Orienta el camino de tu devenir.<\/p><p>Vuelve a mirar el pasado con amor y restablece el orden natural<\/p><p>Dale mas sentido a tu vida<\/p><p>30 a\u00f1os de experiencia y compromiso me preceden<\/p>\t\t\t\t\t\t\t\t<\/div>\n\t\t\t\t<\/div>\n\t\t\t\t\t<\/div>\n\t\t<\/div>\n\t\t\t\t\t<\/div>\n\t\t<\/section>\n\t\t\t\t<section class=\"elementor-section elementor-top-section elementor-element elementor-element-4076731b elementor-section-boxed elementor-section-height-default elementor-section-height-default elementor-invisible\" data-id=\"4076731b\" data-element_type=\"section\" data-settings=\"{&quot;background_background&quot;:&quot;classic&quot;,&quot;animation&quot;:&quot;fadeInUp&quot;}\">\n\t\t\t\t\t\t\t<div class=\"elementor-background-overlay\"><\/div>\n\t\t\t\t\t\t\t<div class=\"elementor-container elementor-column-gap-no\">\n\t\t\t\t\t<div class=\"elementor-column elementor-col-100 elementor-top-column elementor-element elementor-element-7940ca75\" data-id=\"7940ca75\" data-element_type=\"column\">\n\t\t\t<div class=\"elementor-widget-wrap elementor-element-populated\">\n\t\t\t\t\t\t<div class=\"elementor-element elementor-element-d73361e elementor-vertical-align-top elementor-widget elementor-widget-image-box\" data-id=\"d73361e\" data-element_type=\"widget\" data-widget_type=\"image-box.default\">\n\t\t\t\t<div class=\"elementor-widget-container\">\n\t\t\t\t\t<div class=\"elementor-image-box-wrapper\"><div class=\"elementor-image-box-content\"><h2 class=\"elementor-image-box-title\">contacto<\/h2><\/div><\/div>\t\t\t\t<\/div>\n\t\t\t\t<\/div>\n\t\t\t\t<div class=\"elementor-element elementor-element-1ad749e1 elementor-align-center elementor-widget elementor-widget-button\" data-id=\"1ad749e1\" data-element_type=\"widget\" data-widget_type=\"button.default\">\n\t\t\t\t<div class=\"elementor-widget-container\">\n\t\t\t\t\t\t\t\t\t<div class=\"elementor-button-wrapper\">\n\t\t\t\t\t<a class=\"elementor-button elementor-button-link elementor-size-lg\" href=\"https:\/\/gpsvibracional.com.ar\/?page_id=216\">\n\t\t\t\t\t\t<span class=\"elementor-button-content-wrapper\">\n\t\t\t\t\t\t\t\t\t<span class=\"elementor-button-text\">Contact<\/span>\n\t\t\t\t\t<\/span>\n\t\t\t\t\t<\/a>\n\t\t\t\t<\/div>\n\t\t\t\t\t\t\t\t<\/div>\n\t\t\t\t<\/div>\n\t\t\t\t\t<\/div>\n\t\t<\/div>\n\t\t\t\t\t<\/div>\n\t\t<\/section>\n\t\t\t\t<\/div>\n\t\t","protected":false},"excerpt":{"rendered":"<p>Sanacion Vibracional servicios Armonizacion Energetica Experimenta la poderosa sanaci\u00f3n a trav\u00e9s del fuego con nuestro ritual ancestral de limpieza y ceremonia. Guiados por un sanador experto, revivimos pr\u00e1cticas ancestrales para deshacernos de las estructuras que nos limitan y generan obst\u00e1culos en nuestra vida diaria. Mediante la quema de varas secas e inciensos naturales seleccionados cuidadosamente, &hellip;<\/p>\n<p class=\"read-more\"> <a class=\"\" href=\"https:\/\/gpsvibracional.com.ar\/\"> <span class=\"screen-reader-text\">Inicio<\/span> Read More &raquo;<\/a><\/p>\n","protected":false},"author":1,"featured_media":0,"parent":0,"menu_order":0,"comment_status":"closed","ping_status":"closed","template":"","meta":{"site-sidebar-layout":"no-sidebar","site-content-layout":"page-builder","ast-global-header-display":"","ast-banner-title-visibility":"","ast-main-header-display":"","ast-hfb-above-header-display":"","ast-hfb-below-header-display":"","ast-hfb-mobile-header-display":"","site-post-title":"disabled","ast-breadcrumbs-content":"","ast-featured-img":"","footer-sml-layout":"","theme-transparent-header-meta":"enabled","adv-header-id-meta":"","stick-header-meta":"","header-above-stick-meta":"","header-main-stick-meta":"","header-below-stick-meta":"","footnotes":""},"class_list":["post-213","page","type-page","status-publish","hentry"],"_links":{"self":[{"href":"https:\/\/gpsvibracional.com.ar\/index.php?rest_route=\/wp\/v2\/pages\/213","targetHints":{"allow":["GET"]}}],"collection":[{"href":"https:\/\/gpsvibracional.com.ar\/index.php?rest_route=\/wp\/v2\/pages"}],"about":[{"href":"https:\/\/gpsvibracional.com.ar\/index.php?rest_route=\/wp\/v2\/types\/page"}],"author":[{"embeddable":true,"href":"https:\/\/gpsvibracional.com.ar\/index.php?rest_route=\/wp\/v2\/users\/1"}],"replies":[{"embeddable":true,"href":"https:\/\/gpsvibracional.com.ar\/index.php?rest_route=%2Fwp%2Fv2%2Fcomments&post=213"}],"version-history":[{"count":57,"href":"https:\/\/gpsvibracional.com.ar\/index.php?rest_route=\/wp\/v2\/pages\/213\/revisions"}],"predecessor-version":[{"id":461,"href":"https:\/\/gpsvibracional.com.ar\/index.php?rest_route=\/wp\/v2\/pages\/213\/revisions\/461"}],"wp:attachment":[{"href":"https:\/\/gpsvibracional.com.ar\/index.php?rest_route=%2Fwp%2Fv2%2Fmedia&parent=213"}],"curies":[{"name":"wp","href":"https:\/\/api.w.org\/{rel}","templated":true}]}}